{"id":437,"date":"2026-02-17T12:47:04","date_gmt":"2026-02-17T12:47:04","guid":{"rendered":"https:\/\/play4me.co.uk\/?page_id=437"},"modified":"2026-02-20T12:00:50","modified_gmt":"2026-02-20T12:00:50","slug":"book-a-band","status":"publish","type":"page","link":"https:\/\/play4me.co.uk\/fr\/book-a-band\/","title":{"rendered":"R\u00e9server un groupe"},"content":{"rendered":"<div data-elementor-type=\"wp-page\" data-elementor-id=\"437\" class=\"elementor elementor-437\">\n\t\t\t\t<div class=\"elementor-element elementor-element-ed5c14c e-con-full e-flex e-con e-parent\" data-id=\"ed5c14c\" data-element_type=\"container\" data-e-type=\"container\">\n\t\t\t\t<div class=\"elementor-element elementor-element-3ed3c65 elementor-hidden-mobile elementor-widget elementor-widget-pxplxwgtfe_parallax\" data-id=\"3ed3c65\" data-element_type=\"widget\" data-e-type=\"widget\" data-widget_type=\"pxplxwgtfe_parallax.default\">\n\t\t\t\t<div class=\"elementor-widget-container\">\n\t\t\t\t\t        <div class=\"pxplxwgtfe-parallax-section\" style=\"background-image: url('https:\/\/play4me.co.uk\/wp-content\/uploads\/2025\/12\/P4M-Home-Head-amended-scaled.jpg');\">\n            <div class=\"pxplxwgtfe-parallax-content\">\n                                                            <\/div>\n                    <\/div>\n        \t\t\t\t<\/div>\n\t\t\t\t<\/div>\n\t\t\t\t<\/div>\n\t\t<div class=\"elementor-element elementor-element-35a73f9 elementor-hidden-desktop elementor-hidden-tablet e-flex e-con-boxed e-con e-parent\" data-id=\"35a73f9\" data-element_type=\"container\" data-e-type=\"container\" data-settings=\"{&quot;background_background&quot;:&quot;classic&quot;}\">\n\t\t\t\t\t<div class=\"e-con-inner\">\n\t\t\t\t\t<\/div>\n\t\t\t\t<\/div>\n\t\t<div class=\"elementor-element elementor-element-ebb6398 e-flex e-con-boxed e-con e-parent\" data-id=\"ebb6398\" data-element_type=\"container\" data-e-type=\"container\" data-settings=\"{&quot;background_background&quot;:&quot;classic&quot;}\">\n\t\t\t\t\t<div class=\"e-con-inner\">\n\t\t<div class=\"elementor-element elementor-element-a6b1714 e-con-full e-flex e-con e-child\" data-id=\"a6b1714\" data-element_type=\"container\" data-e-type=\"container\">\n\t\t\t\t<\/div>\n\t\t<div class=\"elementor-element elementor-element-3a9e76e e-con-full e-flex e-con e-child\" data-id=\"3a9e76e\" data-element_type=\"container\" data-e-type=\"container\">\n\t\t\t\t<div class=\"elementor-element elementor-element-3aafdfc animated-slow maxContent elementor-invisible elementor-widget elementor-widget-text-editor\" data-id=\"3aafdfc\" data-element_type=\"widget\" data-e-type=\"widget\" data-settings=\"{&quot;_animation&quot;:&quot;slideInUp&quot;}\" data-widget_type=\"text-editor.default\">\n\t\t\t\t\t\t\t\t\t<p>Utilisez le formulaire ci-dessous pour nous faire part de vos besoins concernant votre prestation Play4Me. Un membre de notre \u00e9quipe vous recontactera dans les plus brefs d\u00e9lais.<\/p><p>Nous serons ravis d\u2019\u00e9changer avec vous.<\/p>\t\t\t\t\t\t\t\t<\/div>\n\t\t\t\t<\/div>\n\t\t\t\t\t<\/div>\n\t\t\t\t<\/div>\n\t\t<div class=\"elementor-element elementor-element-530247b e-flex e-con-boxed e-con e-parent\" data-id=\"530247b\" data-element_type=\"container\" data-e-type=\"container\" id=\"inquiry\" data-settings=\"{&quot;background_background&quot;:&quot;classic&quot;}\">\n\t\t\t\t\t<div class=\"e-con-inner\">\n\t\t<div class=\"elementor-element elementor-element-bed3bc8 e-con-full e-flex e-con e-child\" data-id=\"bed3bc8\" data-element_type=\"container\" data-e-type=\"container\">\n\t\t\t\t<div class=\"elementor-element elementor-element-db38ea4 animated-slow elementor-invisible elementor-widget elementor-widget-heading\" data-id=\"db38ea4\" data-element_type=\"widget\" data-e-type=\"widget\" data-settings=\"{&quot;_animation&quot;:&quot;slideInUp&quot;}\" data-widget_type=\"heading.default\">\n\t\t\t\t\t<h1 class=\"elementor-heading-title elementor-size-default\">BOOK A BAND<\/h1>\t\t\t\t<\/div>\n\t\t\t\t<\/div>\n\t\t<div class=\"elementor-element elementor-element-83ac53c e-con-full e-flex e-con e-child\" data-id=\"83ac53c\" data-element_type=\"container\" data-e-type=\"container\">\n\t\t\t\t<div class=\"elementor-element elementor-element-19b2540 elementor-widget elementor-widget-html\" data-id=\"19b2540\" data-element_type=\"widget\" data-e-type=\"widget\" data-widget_type=\"html.default\">\n\t\t\t\t\t\n<div class=\"wpcf7 no-js\" id=\"wpcf7-f441-o1\" lang=\"en-US\" dir=\"ltr\" data-wpcf7-id=\"441\">\n<div class=\"screen-reader-response\"><p role=\"status\" aria-live=\"polite\" aria-atomic=\"true\"><\/p> <ul><\/ul><\/div>\n<form action=\"\/fr\/wp-json\/wp\/v2\/pages\/437#wpcf7-f441-o1\" method=\"post\" class=\"wpcf7-form init\" aria-label=\"Contact form\" novalidate=\"novalidate\" data-status=\"init\" data-trp-original-action=\"\/fr\/wp-json\/wp\/v2\/pages\/437#wpcf7-f441-o1\">\n<fieldset class=\"hidden-fields-container\"><input type=\"hidden\" name=\"_wpcf7\" value=\"441\" \/><input type=\"hidden\" name=\"_wpcf7_version\" value=\"6.1.5\" \/><input type=\"hidden\" name=\"_wpcf7_locale\" value=\"en_US\" \/><input type=\"hidden\" name=\"_wpcf7_unit_tag\" value=\"wpcf7-f441-o1\" \/><input type=\"hidden\" name=\"_wpcf7_container_post\" value=\"0\" \/><input type=\"hidden\" name=\"_wpcf7_posted_data_hash\" value=\"\" \/>\n<\/fieldset>\n<div class='contactForm'>\n\t<p><span class=\"wpcf7-form-control-wrap\" data-name=\"your-name\"><input size=\"40\" maxlength=\"400\" class=\"wpcf7-form-control wpcf7-text wpcf7-validates-as-required\" aria-required=\"true\" aria-invalid=\"false\" placeholder=\"Nom\" value=\"\" type=\"text\" name=\"your-name\" \/><\/span><span class=\"wpcf7-form-control-wrap\" data-name=\"your-email\"><input size=\"40\" maxlength=\"400\" class=\"wpcf7-form-control wpcf7-email wpcf7-validates-as-required wpcf7-text wpcf7-validates-as-email\" aria-required=\"true\" aria-invalid=\"false\" placeholder=\"Email\" value=\"\" type=\"email\" name=\"your-email\" \/><\/span><span class=\"wpcf7-form-control-wrap\" data-name=\"tel-828\"><input size=\"40\" maxlength=\"400\" class=\"wpcf7-form-control wpcf7-tel wpcf7-validates-as-required wpcf7-text wpcf7-validates-as-tel\" aria-required=\"true\" aria-invalid=\"false\" placeholder=\"Num\u00e9ro de t\u00e9l\u00e9phone\" value=\"\" type=\"tel\" name=\"tel-828\" \/><\/span><span class=\"wpcf7-form-control-wrap\" data-name=\"destination\"><input size=\"40\" maxlength=\"400\" class=\"wpcf7-form-control wpcf7-text\" aria-invalid=\"false\" placeholder=\"Lieu \/ Destination\" value=\"\" type=\"text\" name=\"destination\" \/><\/span><span class=\"wpcf7-form-control-wrap\" data-name=\"how\"><input size=\"40\" maxlength=\"400\" class=\"wpcf7-form-control wpcf7-text\" aria-invalid=\"false\" placeholder=\"Comment avez-vous entendu parler de nous\" value=\"\" type=\"text\" name=\"how\" \/><\/span><span class=\"wpcf7-form-control-wrap\" data-name=\"date-319\"><input size=\"40\" maxlength=\"400\" class=\"wpcf7-form-control wpcf7-text\" aria-invalid=\"false\" placeholder=\"Date de l\u2019\u00e9v\u00e9nement (si applicable)\" value=\"\" type=\"text\" name=\"date-319\" \/><\/span><span class=\"wpcf7-form-control-wrap\" data-name=\"other\"><textarea cols=\"40\" rows=\"10\" maxlength=\"2000\" class=\"wpcf7-form-control wpcf7-textarea\" aria-invalid=\"false\" placeholder=\"Message (pr\u00e9cisions sur votre demande)\" name=\"other\"><\/textarea><\/span><br \/>\n<input class=\"wpcf7-form-control wpcf7-submit has-spinner submit\" type=\"submit\" value=\"Envoyer la demande\" \/><span class='sumbitBtn'><img src='\/wp-content\/uploads\/2026\/01\/arrow.png' \/><\/span>\n\t<\/p>\n<\/div><div class=\"wpcf7-response-output\" aria-hidden=\"true\"><\/div>\n<input type=\"hidden\" name=\"trp-form-language\" value=\"fr\"\/><\/form>\n<\/div>\n\t\t\t\t<\/div>\n\t\t\t\t<\/div>\n\t\t\t\t\t<\/div>\n\t\t\t\t<\/div>\n\t\t\t\t<\/div>","protected":false},"excerpt":{"rendered":"<p>Use the inquiry form below to contact us about your Play4Me service requirements and a member of our team will be in touch. We look forward to hearing from you. BOOK A BAND<\/p>","protected":false},"author":1,"featured_media":0,"parent":0,"menu_order":0,"comment_status":"closed","ping_status":"closed","template":"page-templates\/template-pagebuilder-full-width.php","meta":{"neve_meta_sidebar":"","neve_meta_container":"","neve_meta_enable_content_width":"","neve_meta_content_width":0,"neve_meta_title_alignment":"","neve_meta_author_avatar":"","neve_post_elements_order":"","neve_meta_disable_header":"","neve_meta_disable_footer":"","neve_meta_disable_title":"","footnotes":""},"class_list":["post-437","page","type-page","status-publish","hentry"],"yoast_head":"<!-- This site is optimized with the Yoast SEO plugin v27.3 - https:\/\/yoast.com\/product\/yoast-seo-wordpress\/ -->\n<title>Book a Band | Play4Me<\/title>\n<meta name=\"robots\" content=\"noindex, follow\" \/>\n<meta property=\"og:locale\" content=\"fr_FR\" \/>\n<meta property=\"og:type\" content=\"article\" \/>\n<meta property=\"og:title\" content=\"Book a Band | Play4Me\" \/>\n<meta property=\"og:description\" content=\"Use the inquiry form below to contact us about your Play4Me service requirements and a member of our team will be in touch. We look forward to hearing from you. BOOK A BAND\" \/>\n<meta property=\"og:url\" content=\"https:\/\/play4me.co.uk\/fr\/book-a-band\/\" \/>\n<meta property=\"og:site_name\" content=\"Play4Me\" \/>\n<meta property=\"article:modified_time\" content=\"2026-02-20T12:00:50+00:00\" \/>\n<meta name=\"twitter:card\" content=\"summary_large_image\" \/>\n<script type=\"application\/ld+json\" class=\"yoast-schema-graph\">{\"@context\":\"https:\\\/\\\/schema.org\",\"@graph\":[{\"@type\":\"WebPage\",\"@id\":\"https:\\\/\\\/play4me.co.uk\\\/book-a-band\\\/\",\"url\":\"https:\\\/\\\/play4me.co.uk\\\/book-a-band\\\/\",\"name\":\"Book a Band | Play4Me\",\"isPartOf\":{\"@id\":\"https:\\\/\\\/play4me.co.uk\\\/#website\"},\"datePublished\":\"2026-02-17T12:47:04+00:00\",\"dateModified\":\"2026-02-20T12:00:50+00:00\",\"breadcrumb\":{\"@id\":\"https:\\\/\\\/play4me.co.uk\\\/book-a-band\\\/#breadcrumb\"},\"inLanguage\":\"fr-FR\",\"potentialAction\":[{\"@type\":\"ReadAction\",\"target\":[\"https:\\\/\\\/play4me.co.uk\\\/book-a-band\\\/\"]}]},{\"@type\":\"BreadcrumbList\",\"@id\":\"https:\\\/\\\/play4me.co.uk\\\/book-a-band\\\/#breadcrumb\",\"itemListElement\":[{\"@type\":\"ListItem\",\"position\":1,\"name\":\"Home\",\"item\":\"https:\\\/\\\/play4me.co.uk\\\/\"},{\"@type\":\"ListItem\",\"position\":2,\"name\":\"Book a Band\"}]},{\"@type\":\"WebSite\",\"@id\":\"https:\\\/\\\/play4me.co.uk\\\/#website\",\"url\":\"https:\\\/\\\/play4me.co.uk\\\/\",\"name\":\"Play4Me\",\"description\":\"We Bring the Music\",\"publisher\":{\"@id\":\"https:\\\/\\\/play4me.co.uk\\\/#organization\"},\"potentialAction\":[{\"@type\":\"SearchAction\",\"target\":{\"@type\":\"EntryPoint\",\"urlTemplate\":\"https:\\\/\\\/play4me.co.uk\\\/?s={search_term_string}\"},\"query-input\":{\"@type\":\"PropertyValueSpecification\",\"valueRequired\":true,\"valueName\":\"search_term_string\"}}],\"inLanguage\":\"fr-FR\"},{\"@type\":\"Organization\",\"@id\":\"https:\\\/\\\/play4me.co.uk\\\/#organization\",\"name\":\"Play4Me\",\"url\":\"https:\\\/\\\/play4me.co.uk\\\/\",\"logo\":{\"@type\":\"ImageObject\",\"inLanguage\":\"fr-FR\",\"@id\":\"https:\\\/\\\/play4me.co.uk\\\/#\\\/schema\\\/logo\\\/image\\\/\",\"url\":\"https:\\\/\\\/play4me.co.uk\\\/wp-content\\\/uploads\\\/2025\\\/10\\\/P4M-Logotype-Black.svg\",\"contentUrl\":\"https:\\\/\\\/play4me.co.uk\\\/wp-content\\\/uploads\\\/2025\\\/10\\\/P4M-Logotype-Black.svg\",\"width\":364,\"height\":48,\"caption\":\"Play4Me\"},\"image\":{\"@id\":\"https:\\\/\\\/play4me.co.uk\\\/#\\\/schema\\\/logo\\\/image\\\/\"},\"sameAs\":[\"https:\\\/\\\/www.instagram.com\\\/julienjeannedj\\\/\",\"https:\\\/\\\/www.youtube.com\\\/@julienjeanne\"]}]}<\/script>\n<!-- \/ Yoast SEO plugin. -->","yoast_head_json":{"title":"Book a Band | Play4Me","robots":{"index":"noindex","follow":"follow"},"og_locale":"fr_FR","og_type":"article","og_title":"Book a Band | Play4Me","og_description":"Use the inquiry form below to contact us about your Play4Me service requirements and a member of our team will be in touch. We look forward to hearing from you. BOOK A BAND","og_url":"https:\/\/play4me.co.uk\/fr\/book-a-band\/","og_site_name":"Play4Me","article_modified_time":"2026-02-20T12:00:50+00:00","twitter_card":"summary_large_image","schema":{"@context":"https:\/\/schema.org","@graph":[{"@type":"WebPage","@id":"https:\/\/play4me.co.uk\/book-a-band\/","url":"https:\/\/play4me.co.uk\/book-a-band\/","name":"Book a Band | Play4Me","isPartOf":{"@id":"https:\/\/play4me.co.uk\/#website"},"datePublished":"2026-02-17T12:47:04+00:00","dateModified":"2026-02-20T12:00:50+00:00","breadcrumb":{"@id":"https:\/\/play4me.co.uk\/book-a-band\/#breadcrumb"},"inLanguage":"fr-FR","potentialAction":[{"@type":"ReadAction","target":["https:\/\/play4me.co.uk\/book-a-band\/"]}]},{"@type":"BreadcrumbList","@id":"https:\/\/play4me.co.uk\/book-a-band\/#breadcrumb","itemListElement":[{"@type":"ListItem","position":1,"name":"Home","item":"https:\/\/play4me.co.uk\/"},{"@type":"ListItem","position":2,"name":"Book a Band"}]},{"@type":"WebSite","@id":"https:\/\/play4me.co.uk\/#website","url":"https:\/\/play4me.co.uk\/","name":"Play4Me","description":"We Bring the Music","publisher":{"@id":"https:\/\/play4me.co.uk\/#organization"},"potentialAction":[{"@type":"SearchAction","target":{"@type":"EntryPoint","urlTemplate":"https:\/\/play4me.co.uk\/?s={search_term_string}"},"query-input":{"@type":"PropertyValueSpecification","valueRequired":true,"valueName":"search_term_string"}}],"inLanguage":"fr-FR"},{"@type":"Organization","@id":"https:\/\/play4me.co.uk\/#organization","name":"Play4Me","url":"https:\/\/play4me.co.uk\/","logo":{"@type":"ImageObject","inLanguage":"fr-FR","@id":"https:\/\/play4me.co.uk\/#\/schema\/logo\/image\/","url":"https:\/\/play4me.co.uk\/wp-content\/uploads\/2025\/10\/P4M-Logotype-Black.svg","contentUrl":"https:\/\/play4me.co.uk\/wp-content\/uploads\/2025\/10\/P4M-Logotype-Black.svg","width":364,"height":48,"caption":"Play4Me"},"image":{"@id":"https:\/\/play4me.co.uk\/#\/schema\/logo\/image\/"},"sameAs":["https:\/\/www.instagram.com\/julienjeannedj\/","https:\/\/www.youtube.com\/@julienjeanne"]}]}},"_links":{"self":[{"href":"https:\/\/play4me.co.uk\/fr\/wp-json\/wp\/v2\/pages\/437","targetHints":{"allow":["GET"]}}],"collection":[{"href":"https:\/\/play4me.co.uk\/fr\/wp-json\/wp\/v2\/pages"}],"about":[{"href":"https:\/\/play4me.co.uk\/fr\/wp-json\/wp\/v2\/types\/page"}],"author":[{"embeddable":true,"href":"https:\/\/play4me.co.uk\/fr\/wp-json\/wp\/v2\/users\/1"}],"replies":[{"embeddable":true,"href":"https:\/\/play4me.co.uk\/fr\/wp-json\/wp\/v2\/comments?post=437"}],"version-history":[{"count":7,"href":"https:\/\/play4me.co.uk\/fr\/wp-json\/wp\/v2\/pages\/437\/revisions"}],"predecessor-version":[{"id":580,"href":"https:\/\/play4me.co.uk\/fr\/wp-json\/wp\/v2\/pages\/437\/revisions\/580"}],"wp:attachment":[{"href":"https:\/\/play4me.co.uk\/fr\/wp-json\/wp\/v2\/media?parent=437"}],"curies":[{"name":"wp","href":"https:\/\/api.w.org\/{rel}","templated":true}]}}