{"id":522,"date":"2026-02-17T13:31:40","date_gmt":"2026-02-17T13:31:40","guid":{"rendered":"https:\/\/play4me.co.uk\/?page_id=522"},"modified":"2026-02-20T12:01:18","modified_gmt":"2026-02-20T12:01:18","slug":"privacy-policy","status":"publish","type":"page","link":"https:\/\/play4me.co.uk\/fr\/privacy-policy\/","title":{"rendered":"Politique de confidentialit\u00e9"},"content":{"rendered":"<div data-elementor-type=\"wp-page\" data-elementor-id=\"522\" class=\"elementor elementor-522\">\n\t\t\t\t<div class=\"elementor-element elementor-element-a3eb75e e-con-full e-flex e-con e-parent\" data-id=\"a3eb75e\" data-element_type=\"container\" data-e-type=\"container\" data-settings=\"{&quot;background_background&quot;:&quot;classic&quot;}\">\n\t\t\t\t<div class=\"elementor-element elementor-element-b3bcf72 elementor-hidden-mobile elementor-widget elementor-widget-pxplxwgtfe_parallax\" data-id=\"b3bcf72\" data-element_type=\"widget\" data-e-type=\"widget\" data-widget_type=\"pxplxwgtfe_parallax.default\">\n\t\t\t\t<div class=\"elementor-widget-container\">\n\t\t\t\t\t        <div class=\"pxplxwgtfe-parallax-section\" style=\"background-image: url('https:\/\/play4me.co.uk\/wp-content\/uploads\/2025\/12\/P4M-About-Head-resize.jpg');\">\n            <div class=\"pxplxwgtfe-parallax-content\">\n                                                            <\/div>\n                    <\/div>\n        \t\t\t\t<\/div>\n\t\t\t\t<\/div>\n\t\t\t\t<\/div>\n\t\t<div class=\"elementor-element elementor-element-bdd6721 elementor-hidden-desktop elementor-hidden-tablet e-flex e-con-boxed e-con e-parent\" data-id=\"bdd6721\" data-element_type=\"container\" data-e-type=\"container\" data-settings=\"{&quot;background_background&quot;:&quot;classic&quot;}\">\n\t\t\t\t\t<div class=\"e-con-inner\">\n\t\t\t\t\t<\/div>\n\t\t\t\t<\/div>\n\t\t<div class=\"elementor-element elementor-element-ebb6398 e-flex e-con-boxed e-con e-parent\" data-id=\"ebb6398\" data-element_type=\"container\" data-e-type=\"container\" data-settings=\"{&quot;background_background&quot;:&quot;classic&quot;}\">\n\t\t\t\t\t<div class=\"e-con-inner\">\n\t\t<div class=\"elementor-element elementor-element-a6b1714 e-con-full e-flex e-con e-child\" data-id=\"a6b1714\" data-element_type=\"container\" data-e-type=\"container\">\n\t\t\t\t<div class=\"elementor-element elementor-element-3ce6c09 animated-slow elementor-invisible elementor-widget elementor-widget-heading\" data-id=\"3ce6c09\" data-element_type=\"widget\" data-e-type=\"widget\" data-settings=\"{&quot;_animation&quot;:&quot;slideInUp&quot;}\" data-widget_type=\"heading.default\">\n\t\t\t\t\t<h1 class=\"elementor-heading-title elementor-size-default\">Politique de confidentialit\u00e9<\/h1>\t\t\t\t<\/div>\n\t\t\t\t<\/div>\n\t\t<div class=\"elementor-element elementor-element-3a9e76e e-con-full e-flex e-con e-child\" data-id=\"3a9e76e\" data-element_type=\"container\" data-e-type=\"container\">\n\t\t\t\t<div class=\"elementor-element elementor-element-3aafdfc animated-slow maxContent elementor-invisible elementor-widget elementor-widget-text-editor\" data-id=\"3aafdfc\" data-element_type=\"widget\" data-e-type=\"widget\" data-settings=\"{&quot;_animation&quot;:&quot;slideInUp&quot;}\" data-widget_type=\"text-editor.default\">\n\t\t\t\t\t\t\t\t\t<p>This privacy policy will explain how our organization uses the personal data we collect from you when you use our website.<\/p><p>Topics:<\/p><ul><li>What data do we collect?<\/li><li>How do we collect your data?<\/li><li>How will we use your data?<\/li><li>How do we store your data?<\/li><li>Marketing<\/li><li>What are your data protection rights?<\/li><li>What are cookies?<\/li><li>Comment utilisons-nous les cookies?<\/li><li>Quels types de cookies utilisons-nous ?<\/li><li>How to manage your cookies<\/li><li>Privacy policies of other websites<\/li><li>Politiques de confidentialit\u00e9 des autres sites web<\/li><li>Comment nous contacter<\/li><li>How to contact the appropriate authorities<\/li><\/ul><div>\u00a0<\/div><p><strong>What data do we collect?<\/strong><\/p><p>Play4Me collects the following data:<\/p><ul><li>Personal identification information (Name, email address, phone number, etc.)<\/li><\/ul><div>\u00a0<\/div><p><strong>How do we collect your data?<\/strong><\/p><p>You directly provide Play4Me\u00a0with most of the data we collect. We collect data and process data when you:<\/p><p>Use or view our website via your browser\u2019s cookies.<\/p><p><strong>How will we use your data?<\/strong><\/p><p>Play4Me collects your data so that we can:<\/p><ul><li>Email you with special offers on other products and services we think you might like.<\/li><\/ul><div>\u00a0<\/div><p><strong>How do we store your data?<\/strong><\/p><p>Play4Me securely stores your data.<\/p><p><strong>What are your data protection rights?<\/strong><\/p><p>Play4Me would like to make sure you are fully aware of all of your data protection rights. Every user is entitled to the following:<\/p><p><strong>The right to access<\/strong>\u00a0\u2013 You have the right to request Play4Me\u00a0for copies of your personal data. We may charge you a small fee for this service.<\/p><p><strong>The right to rectification<\/strong>\u00a0\u2013 You have the right to request that Play4Me\u00a0correct any information you believe is inaccurate. You also have the right to request Play4Me\u00a0to complete the information you believe is incomplete.<\/p><p><strong>The right to erasure<\/strong>\u00a0\u2013 You have the right to request that Play4Me\u00a0erase your personal data, under certain conditions.<\/p><p><strong>The right to restrict processing<\/strong>\u00a0\u2013 You have the right to request that Play4Me\u00a0restrict the processing of your personal data, under certain conditions.<\/p><p><strong>The right to object to processing<\/strong>\u00a0\u2013 You have the right to object to Play4Me\u2019s processing of your personal data, under certain conditions.<\/p><p><strong>The right to data portability<\/strong>\u00a0\u2013 You have the right to request that Play4Me\u00a0transfer the data that we have collected to another organisation, or directly to you, under certain conditions.<\/p><p>If you make a request, we have one month to respond to you. If you would like to exercise any of these rights, please contact us at our email:<\/p><p>Or write to us: <a href=\"mailto:info@play4me.co.uk\">info@play4me.co.uk<\/a><\/p>\t\t\t\t\t\t\t\t<\/div>\n\t\t\t\t<\/div>\n\t\t\t\t\t<\/div>\n\t\t\t\t<\/div>\n\t\t<div class=\"elementor-element elementor-element-178b9a0 e-flex e-con-boxed e-con e-parent\" data-id=\"178b9a0\" data-element_type=\"container\" data-e-type=\"container\" id=\"cookie\" data-settings=\"{&quot;background_background&quot;:&quot;classic&quot;}\">\n\t\t\t\t\t<div class=\"e-con-inner\">\n\t\t<div class=\"elementor-element elementor-element-233f2b0 e-con-full e-flex e-con e-child\" data-id=\"233f2b0\" data-element_type=\"container\" data-e-type=\"container\">\n\t\t\t\t<div class=\"elementor-element elementor-element-9dc4212 animated-slow elementor-invisible elementor-widget elementor-widget-heading\" data-id=\"9dc4212\" data-element_type=\"widget\" data-e-type=\"widget\" data-settings=\"{&quot;_animation&quot;:&quot;slideInUp&quot;}\" data-widget_type=\"heading.default\">\n\t\t\t\t\t<h2 class=\"elementor-heading-title elementor-size-default\">Politique relative aux cookies<\/h2>\t\t\t\t<\/div>\n\t\t\t\t<\/div>\n\t\t<div class=\"elementor-element elementor-element-49a0d5e e-con-full e-flex e-con e-child\" data-id=\"49a0d5e\" data-element_type=\"container\" data-e-type=\"container\">\n\t\t\t\t<div class=\"elementor-element elementor-element-0dfe611 animated-slow maxContent elementor-invisible elementor-widget elementor-widget-text-editor\" data-id=\"0dfe611\" data-element_type=\"widget\" data-e-type=\"widget\" data-settings=\"{&quot;_animation&quot;:&quot;slideInUp&quot;}\" data-widget_type=\"text-editor.default\">\n\t\t\t\t\t\t\t\t\t<p><strong>Cookies<\/strong><\/p><p>Les cookies sont des fichiers texte plac\u00e9s sur votre ordinateur afin de collecter des informations standards de journal Internet et des informations sur le comportement des visiteurs. Lorsque vous visitez notre site web, nous pouvons collecter automatiquement certaines informations vous concernant via des cookies ou des technologies similaires.<\/p><p>Pour plus d\u2019informations, consultez allaboutcookies.org.<\/p><p><strong>Comment utilisons-nous les cookies?<\/strong><\/p><p>Play4Me utilise des cookies de diff\u00e9rentes mani\u00e8res afin d\u2019am\u00e9liorer votre exp\u00e9rience sur notre site web, notamment pour:<\/p><ul><li>Vous maintenir connect\u00e9<\/li><li>Comprendre comment vous utilisez notre site web<\/li><\/ul><div>\u00a0<\/div><p><strong>Quels types de cookies utilisons-nous ?<\/strong><\/p><p>Il existe plusieurs types de cookies. Cependant, notre site web utilise les suivants:<\/p><ul><li>Fonctionnalit\u00e9 \u2013 Play4Me utilise ces cookies afin de vous reconna\u00eetre sur notre site web et de m\u00e9moriser vos pr\u00e9f\u00e9rences pr\u00e9c\u00e9demment s\u00e9lectionn\u00e9es. Cela peut inclure la langue que vous pr\u00e9f\u00e9rez ainsi que votre localisation. Un m\u00e9lange de cookies propri\u00e9taires (first-party) et de cookies tiers (third-party) est utilis\u00e9.<\/li><li>Publicit\u00e9 \u2013 Play4Me utilise ces cookies pour collecter des informations concernant votre visite sur notre site web, le contenu que vous avez consult\u00e9, les liens que vous avez suivis ainsi que des informations concernant votre navigateur, votre appareil et votre adresse IP. Play4Me partage parfois certains aspects limit\u00e9s de ces donn\u00e9es avec des tiers \u00e0 des fins publicitaires. Nous pouvons \u00e9galement partager les donn\u00e9es en ligne collect\u00e9es via les cookies avec nos partenaires publicitaires. Cela signifie que lorsque vous visitez un autre site web, des publicit\u00e9s peuvent vous \u00eatre pr\u00e9sent\u00e9es en fonction de votre navigation sur notre site.<\/li><\/ul><div>\u00a0<\/div><p><strong>Comment g\u00e9rer les cookies<\/strong><\/p><p>Vous pouvez configurer votre navigateur afin de refuser les cookies, et le site mentionn\u00e9 ci-dessus explique comment supprimer les cookies de votre navigateur. Cependant, dans certains cas, certaines fonctionnalit\u00e9s de notre site web peuvent ne pas fonctionner correctement.<\/p><p><strong>Privacy policies of other websites<\/strong><\/p><p>The Play4Me\u00a0website contains links to other websites. Our privacy policy applies only to our website, so if you click on a link to another website, you should read their privacy policy.<\/p><p><strong>Politiques de confidentialit\u00e9 des autres sites web<\/strong><\/p><p>Le site web Play4Me contient des liens vers d\u2019autres sites web. Notre politique de confidentialit\u00e9 s\u2019applique uniquement \u00e0 notre site web. Si vous cliquez sur un lien vers un autre site, nous vous recommandons de consulter leur politique de confidentialit\u00e9.<\/p><p><strong>Comment nous contacter<\/strong><\/p><p>Si vous avez des questions concernant la politique de confidentialit\u00e9 de Play4Me, les donn\u00e9es que nous d\u00e9tenons sur vous, ou si vous souhaitez exercer l\u2019un de vos droits en mati\u00e8re de protection des donn\u00e9es, n\u2019h\u00e9sitez pas \u00e0 nous contacter.<\/p><p>Envoyez-nous un email \u00e0:<strong> <a href=\"mailto:info@play4me.co.uk\">info@play4me.co.uk<\/a><\/strong><\/p><p><strong>Comment contacter l\u2019autorit\u00e9 comp\u00e9tente<\/strong><\/p><p>Si vous souhaitez d\u00e9poser une plainte ou si vous estimez que Play4Me n\u2019a pas trait\u00e9 votre demande de mani\u00e8re satisfaisante, vous pouvez contacter l\u2019Information Commissioner\u2019s Office.<\/p><p>Email: <a href=\"mailto:info@play4me.co.uk\">info@play4me.co.uk<\/a><\/p><p>Adresse: 85 Great Portland Street, First Floor, London, England, W1W 7LT<\/p><div>\u00a0<\/div>\t\t\t\t\t\t\t\t<\/div>\n\t\t\t\t<\/div>\n\t\t\t\t\t<\/div>\n\t\t\t\t<\/div>\n\t\t<div class=\"elementor-element elementor-element-530247b e-flex e-con-boxed e-con e-parent\" data-id=\"530247b\" data-element_type=\"container\" data-e-type=\"container\" id=\"inquiry\" data-settings=\"{&quot;background_background&quot;:&quot;classic&quot;}\">\n\t\t\t\t\t<div class=\"e-con-inner\">\n\t\t<div class=\"elementor-element elementor-element-bed3bc8 e-con-full e-flex e-con e-child\" data-id=\"bed3bc8\" data-element_type=\"container\" data-e-type=\"container\">\n\t\t\t\t<div class=\"elementor-element elementor-element-db38ea4 animated-slow elementor-invisible elementor-widget elementor-widget-heading\" data-id=\"db38ea4\" data-element_type=\"widget\" data-e-type=\"widget\" data-settings=\"{&quot;_animation&quot;:&quot;slideInUp&quot;}\" data-widget_type=\"heading.default\">\n\t\t\t\t\t<h2 class=\"elementor-heading-title elementor-size-default\">Faire une demande<\/h2>\t\t\t\t<\/div>\n\t\t\t\t<\/div>\n\t\t<div class=\"elementor-element elementor-element-83ac53c e-con-full e-flex e-con e-child\" data-id=\"83ac53c\" data-element_type=\"container\" data-e-type=\"container\">\n\t\t\t\t<div class=\"elementor-element elementor-element-19b2540 elementor-widget elementor-widget-html\" data-id=\"19b2540\" data-element_type=\"widget\" data-e-type=\"widget\" data-widget_type=\"html.default\">\n\t\t\t\t\t\n<div class=\"wpcf7 no-js\" id=\"wpcf7-f13-o1\" lang=\"en-US\" dir=\"ltr\" data-wpcf7-id=\"13\">\n<div class=\"screen-reader-response\"><p role=\"status\" aria-live=\"polite\" aria-atomic=\"true\"><\/p> <ul><\/ul><\/div>\n<form action=\"\/fr\/wp-json\/wp\/v2\/pages\/522#wpcf7-f13-o1\" method=\"post\" class=\"wpcf7-form init\" aria-label=\"Contact form\" novalidate=\"novalidate\" data-status=\"init\" data-trp-original-action=\"\/fr\/wp-json\/wp\/v2\/pages\/522#wpcf7-f13-o1\">\n<fieldset class=\"hidden-fields-container\"><input type=\"hidden\" name=\"_wpcf7\" value=\"13\" \/><input type=\"hidden\" name=\"_wpcf7_version\" value=\"6.1.5\" \/><input type=\"hidden\" name=\"_wpcf7_locale\" value=\"en_US\" \/><input type=\"hidden\" name=\"_wpcf7_unit_tag\" value=\"wpcf7-f13-o1\" \/><input type=\"hidden\" name=\"_wpcf7_container_post\" value=\"0\" \/><input type=\"hidden\" name=\"_wpcf7_posted_data_hash\" value=\"\" \/>\n<\/fieldset>\n<div class='contactForm'>\n\t<p><span class=\"wpcf7-form-control-wrap\" data-name=\"your-name\"><input size=\"40\" maxlength=\"400\" class=\"wpcf7-form-control wpcf7-text wpcf7-validates-as-required\" aria-required=\"true\" aria-invalid=\"false\" placeholder=\"Nom\" value=\"\" type=\"text\" name=\"your-name\" \/><\/span><span class=\"wpcf7-form-control-wrap\" data-name=\"your-email\"><input size=\"40\" maxlength=\"400\" class=\"wpcf7-form-control wpcf7-email wpcf7-validates-as-required wpcf7-text wpcf7-validates-as-email\" aria-required=\"true\" aria-invalid=\"false\" placeholder=\"Email\" value=\"\" type=\"email\" name=\"your-email\" \/><\/span><span class=\"wpcf7-form-control-wrap\" data-name=\"tel-828\"><input size=\"40\" maxlength=\"400\" class=\"wpcf7-form-control wpcf7-tel wpcf7-validates-as-required wpcf7-text wpcf7-validates-as-tel\" aria-required=\"true\" aria-invalid=\"false\" placeholder=\"Num\u00e9ro de t\u00e9l\u00e9phone\" value=\"\" type=\"tel\" name=\"tel-828\" \/><\/span><span class='selectArea'><span class=\"wpcf7-form-control-wrap\" data-name=\"ServiceRequired\"><select class=\"wpcf7-form-control wpcf7-select\" aria-invalid=\"false\" name=\"ServiceRequired\"><option value=\"Service\">Service<\/option><option value=\"DJ for Private\/Corporate Events\">DJ for Private\/Corporate Events<\/option><option value=\"DJ for Bar\/Restaurants\">DJ for Bar\/Restaurants<\/option><option value=\"Silent Disco\">Silent Disco<\/option><option value=\"Curated Playlists\">Curated Playlists<\/option><option value=\"Sole Musician\">Sole Musician<\/option><option value=\"Live Bands\">Live Bands<\/option><\/select><\/span><img src='\/wp-content\/uploads\/2026\/01\/arrow.png' \/><\/span><span class=\"wpcf7-form-control-wrap\" data-name=\"destination\"><input size=\"40\" maxlength=\"400\" class=\"wpcf7-form-control wpcf7-text\" aria-invalid=\"false\" placeholder=\"Lieu \/ Destination\" value=\"\" type=\"text\" name=\"destination\" \/><\/span><span class=\"wpcf7-form-control-wrap\" data-name=\"how\"><input size=\"40\" maxlength=\"400\" class=\"wpcf7-form-control wpcf7-text\" aria-invalid=\"false\" placeholder=\"Comment avez-vous entendu parler de nous\" value=\"\" type=\"text\" name=\"how\" \/><\/span><span class=\"wpcf7-form-control-wrap\" data-name=\"date-319\"><input size=\"40\" maxlength=\"400\" class=\"wpcf7-form-control wpcf7-text\" aria-invalid=\"false\" placeholder=\"Date de l\u2019\u00e9v\u00e9nement (si applicable)\" value=\"\" type=\"text\" name=\"date-319\" \/><\/span><span class=\"wpcf7-form-control-wrap\" data-name=\"other\"><textarea cols=\"40\" rows=\"10\" maxlength=\"2000\" class=\"wpcf7-form-control wpcf7-textarea\" aria-invalid=\"false\" placeholder=\"Message (pr\u00e9cisions sur votre demande)\" name=\"other\"><\/textarea><\/span><br \/>\n<input class=\"wpcf7-form-control wpcf7-submit has-spinner submit\" type=\"submit\" value=\"Envoyer la demande\" \/><span class='sumbitBtn'><img src='\/wp-content\/uploads\/2026\/01\/arrow.png' \/><\/span>\n\t<\/p>\n<\/div><div class=\"wpcf7-response-output\" aria-hidden=\"true\"><\/div>\n<input type=\"hidden\" name=\"trp-form-language\" value=\"fr\"\/><\/form>\n<\/div>\n\t\t\t\t<\/div>\n\t\t\t\t<\/div>\n\t\t\t\t\t<\/div>\n\t\t\t\t<\/div>\n\t\t\t\t<\/div>","protected":false},"excerpt":{"rendered":"<p>Privacy Policy This privacy policy will explain how our organization uses the personal data we collect from you when you use our website. Topics: What data do we collect? How do we collect your data? How will we use your data? How do we store your data? Marketing What are your data protection rights? What&hellip;&nbsp;<a href=\"https:\/\/play4me.co.uk\/fr\/privacy-policy\/\" rel=\"bookmark\"><span class=\"screen-reader-text\">Politique de confidentialit\u00e9<\/span><\/a><\/p>","protected":false},"author":1,"featured_media":0,"parent":0,"menu_order":0,"comment_status":"closed","ping_status":"closed","template":"page-templates\/template-pagebuilder-full-width.php","meta":{"neve_meta_sidebar":"","neve_meta_container":"","neve_meta_enable_content_width":"","neve_meta_content_width":0,"neve_meta_title_alignment":"","neve_meta_author_avatar":"","neve_post_elements_order":"","neve_meta_disable_header":"","neve_meta_disable_footer":"","neve_meta_disable_title":"","footnotes":""},"class_list":["post-522","page","type-page","status-publish","hentry"],"yoast_head":"<!-- This site is optimized with the Yoast SEO plugin v27.3 - https:\/\/yoast.com\/product\/yoast-seo-wordpress\/ -->\n<title>Privacy Policy | Play4Me<\/title>\n<meta name=\"robots\" content=\"index, follow, max-snippet:-1, max-image-preview:large, max-video-preview:-1\" \/>\n<link rel=\"canonical\" href=\"https:\/\/play4me.co.uk\/fr\/privacy-policy\/\" \/>\n<meta property=\"og:locale\" content=\"fr_FR\" \/>\n<meta property=\"og:type\" content=\"article\" \/>\n<meta property=\"og:title\" content=\"Privacy Policy | Play4Me\" \/>\n<meta property=\"og:description\" content=\"Privacy Policy This privacy policy will explain how our organization uses the personal data we collect from you when you use our website. Topics: What data do we collect? How do we collect your data? How will we use your data? How do we store your data? Marketing What are your data protection rights? What&hellip;&nbsp;Privacy Policy\" \/>\n<meta property=\"og:url\" content=\"https:\/\/play4me.co.uk\/fr\/privacy-policy\/\" \/>\n<meta property=\"og:site_name\" content=\"Play4Me\" \/>\n<meta property=\"article:modified_time\" content=\"2026-02-20T12:01:18+00:00\" \/>\n<meta name=\"twitter:card\" content=\"summary_large_image\" \/>\n<script type=\"application\/ld+json\" class=\"yoast-schema-graph\">{\"@context\":\"https:\\\/\\\/schema.org\",\"@graph\":[{\"@type\":\"WebPage\",\"@id\":\"https:\\\/\\\/play4me.co.uk\\\/privacy-policy\\\/\",\"url\":\"https:\\\/\\\/play4me.co.uk\\\/privacy-policy\\\/\",\"name\":\"Privacy Policy | Play4Me\",\"isPartOf\":{\"@id\":\"https:\\\/\\\/play4me.co.uk\\\/#website\"},\"datePublished\":\"2026-02-17T13:31:40+00:00\",\"dateModified\":\"2026-02-20T12:01:18+00:00\",\"breadcrumb\":{\"@id\":\"https:\\\/\\\/play4me.co.uk\\\/privacy-policy\\\/#breadcrumb\"},\"inLanguage\":\"fr-FR\",\"potentialAction\":[{\"@type\":\"ReadAction\",\"target\":[\"https:\\\/\\\/play4me.co.uk\\\/privacy-policy\\\/\"]}]},{\"@type\":\"BreadcrumbList\",\"@id\":\"https:\\\/\\\/play4me.co.uk\\\/privacy-policy\\\/#breadcrumb\",\"itemListElement\":[{\"@type\":\"ListItem\",\"position\":1,\"name\":\"Home\",\"item\":\"https:\\\/\\\/play4me.co.uk\\\/\"},{\"@type\":\"ListItem\",\"position\":2,\"name\":\"Privacy Policy\"}]},{\"@type\":\"WebSite\",\"@id\":\"https:\\\/\\\/play4me.co.uk\\\/#website\",\"url\":\"https:\\\/\\\/play4me.co.uk\\\/\",\"name\":\"Play4Me\",\"description\":\"We Bring the Music\",\"publisher\":{\"@id\":\"https:\\\/\\\/play4me.co.uk\\\/#organization\"},\"potentialAction\":[{\"@type\":\"SearchAction\",\"target\":{\"@type\":\"EntryPoint\",\"urlTemplate\":\"https:\\\/\\\/play4me.co.uk\\\/?s={search_term_string}\"},\"query-input\":{\"@type\":\"PropertyValueSpecification\",\"valueRequired\":true,\"valueName\":\"search_term_string\"}}],\"inLanguage\":\"fr-FR\"},{\"@type\":\"Organization\",\"@id\":\"https:\\\/\\\/play4me.co.uk\\\/#organization\",\"name\":\"Play4Me\",\"url\":\"https:\\\/\\\/play4me.co.uk\\\/\",\"logo\":{\"@type\":\"ImageObject\",\"inLanguage\":\"fr-FR\",\"@id\":\"https:\\\/\\\/play4me.co.uk\\\/#\\\/schema\\\/logo\\\/image\\\/\",\"url\":\"https:\\\/\\\/play4me.co.uk\\\/wp-content\\\/uploads\\\/2025\\\/10\\\/P4M-Logotype-Black.svg\",\"contentUrl\":\"https:\\\/\\\/play4me.co.uk\\\/wp-content\\\/uploads\\\/2025\\\/10\\\/P4M-Logotype-Black.svg\",\"width\":364,\"height\":48,\"caption\":\"Play4Me\"},\"image\":{\"@id\":\"https:\\\/\\\/play4me.co.uk\\\/#\\\/schema\\\/logo\\\/image\\\/\"},\"sameAs\":[\"https:\\\/\\\/www.instagram.com\\\/julienjeannedj\\\/\",\"https:\\\/\\\/www.youtube.com\\\/@julienjeanne\"]}]}<\/script>\n<!-- \/ Yoast SEO plugin. -->","yoast_head_json":{"title":"Privacy Policy | Play4Me","robots":{"index":"index","follow":"follow","max-snippet":"max-snippet:-1","max-image-preview":"max-image-preview:large","max-video-preview":"max-video-preview:-1"},"canonical":"https:\/\/play4me.co.uk\/fr\/privacy-policy\/","og_locale":"fr_FR","og_type":"article","og_title":"Privacy Policy | Play4Me","og_description":"Privacy Policy This privacy policy will explain how our organization uses the personal data we collect from you when you use our website. Topics: What data do we collect? How do we collect your data? How will we use your data? How do we store your data? Marketing What are your data protection rights? What&hellip;&nbsp;Privacy Policy","og_url":"https:\/\/play4me.co.uk\/fr\/privacy-policy\/","og_site_name":"Play4Me","article_modified_time":"2026-02-20T12:01:18+00:00","twitter_card":"summary_large_image","schema":{"@context":"https:\/\/schema.org","@graph":[{"@type":"WebPage","@id":"https:\/\/play4me.co.uk\/privacy-policy\/","url":"https:\/\/play4me.co.uk\/privacy-policy\/","name":"Privacy Policy | Play4Me","isPartOf":{"@id":"https:\/\/play4me.co.uk\/#website"},"datePublished":"2026-02-17T13:31:40+00:00","dateModified":"2026-02-20T12:01:18+00:00","breadcrumb":{"@id":"https:\/\/play4me.co.uk\/privacy-policy\/#breadcrumb"},"inLanguage":"fr-FR","potentialAction":[{"@type":"ReadAction","target":["https:\/\/play4me.co.uk\/privacy-policy\/"]}]},{"@type":"BreadcrumbList","@id":"https:\/\/play4me.co.uk\/privacy-policy\/#breadcrumb","itemListElement":[{"@type":"ListItem","position":1,"name":"Home","item":"https:\/\/play4me.co.uk\/"},{"@type":"ListItem","position":2,"name":"Privacy Policy"}]},{"@type":"WebSite","@id":"https:\/\/play4me.co.uk\/#website","url":"https:\/\/play4me.co.uk\/","name":"Play4Me","description":"We Bring the Music","publisher":{"@id":"https:\/\/play4me.co.uk\/#organization"},"potentialAction":[{"@type":"SearchAction","target":{"@type":"EntryPoint","urlTemplate":"https:\/\/play4me.co.uk\/?s={search_term_string}"},"query-input":{"@type":"PropertyValueSpecification","valueRequired":true,"valueName":"search_term_string"}}],"inLanguage":"fr-FR"},{"@type":"Organization","@id":"https:\/\/play4me.co.uk\/#organization","name":"Play4Me","url":"https:\/\/play4me.co.uk\/","logo":{"@type":"ImageObject","inLanguage":"fr-FR","@id":"https:\/\/play4me.co.uk\/#\/schema\/logo\/image\/","url":"https:\/\/play4me.co.uk\/wp-content\/uploads\/2025\/10\/P4M-Logotype-Black.svg","contentUrl":"https:\/\/play4me.co.uk\/wp-content\/uploads\/2025\/10\/P4M-Logotype-Black.svg","width":364,"height":48,"caption":"Play4Me"},"image":{"@id":"https:\/\/play4me.co.uk\/#\/schema\/logo\/image\/"},"sameAs":["https:\/\/www.instagram.com\/julienjeannedj\/","https:\/\/www.youtube.com\/@julienjeanne"]}]}},"_links":{"self":[{"href":"https:\/\/play4me.co.uk\/fr\/wp-json\/wp\/v2\/pages\/522","targetHints":{"allow":["GET"]}}],"collection":[{"href":"https:\/\/play4me.co.uk\/fr\/wp-json\/wp\/v2\/pages"}],"about":[{"href":"https:\/\/play4me.co.uk\/fr\/wp-json\/wp\/v2\/types\/page"}],"author":[{"embeddable":true,"href":"https:\/\/play4me.co.uk\/fr\/wp-json\/wp\/v2\/users\/1"}],"replies":[{"embeddable":true,"href":"https:\/\/play4me.co.uk\/fr\/wp-json\/wp\/v2\/comments?post=522"}],"version-history":[{"count":10,"href":"https:\/\/play4me.co.uk\/fr\/wp-json\/wp\/v2\/pages\/522\/revisions"}],"predecessor-version":[{"id":593,"href":"https:\/\/play4me.co.uk\/fr\/wp-json\/wp\/v2\/pages\/522\/revisions\/593"}],"wp:attachment":[{"href":"https:\/\/play4me.co.uk\/fr\/wp-json\/wp\/v2\/media?parent=522"}],"curies":[{"name":"wp","href":"https:\/\/api.w.org\/{rel}","templated":true}]}}